{"id":815,"date":"2016-07-18T21:45:27","date_gmt":"2016-07-19T01:45:27","guid":{"rendered":"http:\/\/dolla.jplaverdure.ca\/fr\/?page_id=815"},"modified":"2025-10-31T13:42:50","modified_gmt":"2025-10-31T17:42:50","slug":"superviseur-de-district","status":"publish","type":"page","link":"https:\/\/corpodev.dollarama.com\/fr\/carrieres\/superviseur-de-district","title":{"rendered":"Superviseur de district"},"content":{"rendered":"\n<div class=\"wpcf7 no-js\" id=\"wpcf7-f820-o1\" lang=\"en-US\" dir=\"ltr\" data-wpcf7-id=\"820\">\n<div class=\"screen-reader-response\"><p role=\"status\" aria-live=\"polite\" aria-atomic=\"true\"><\/p> <ul><\/ul><\/div>\n<form action=\"\/fr\/wp-json\/wp\/v2\/pages\/815#wpcf7-f820-o1\" method=\"post\" class=\"wpcf7-form init\" aria-label=\"Contact form\" enctype=\"multipart\/form-data\" novalidate=\"novalidate\" data-status=\"init\">\n<fieldset class=\"hidden-fields-container\"><input type=\"hidden\" name=\"_wpcf7\" value=\"820\" \/><input type=\"hidden\" name=\"_wpcf7_version\" value=\"6.1.2\" \/><input type=\"hidden\" name=\"_wpcf7_locale\" value=\"en_US\" \/><input type=\"hidden\" name=\"_wpcf7_unit_tag\" value=\"wpcf7-f820-o1\" \/><input type=\"hidden\" name=\"_wpcf7_container_post\" value=\"0\" \/><input type=\"hidden\" name=\"_wpcf7_posted_data_hash\" value=\"\" \/><input type=\"hidden\" name=\"_wpcf7_recaptcha_response\" value=\"\" \/>\n<\/fieldset>\n<div class=\"form-group\">\n\t<p><label for=\"firstname\" class=\"sr-only\">Pr\u00e9nom<\/label><span class=\"wpcf7-form-control-wrap\" data-name=\"firstname\"><input size=\"40\" maxlength=\"400\" minlength=\"2\" class=\"wpcf7-form-control wpcf7-text wpcf7-validates-as-required form-control margin-bottom\" id=\"firstname\" aria-required=\"true\" aria-invalid=\"false\" placeholder=\"* Pr\u00e9nom\" value=\"\" type=\"text\" name=\"firstname\" \/><\/span>\n\t<\/p>\n<\/div>\n<div class=\"form-group\">\n\t<p><label for=\"lastname\" class=\"sr-only\">Nom<\/label><span class=\"wpcf7-form-control-wrap\" data-name=\"lastname\"><input size=\"40\" maxlength=\"400\" minlength=\"2\" class=\"wpcf7-form-control wpcf7-text wpcf7-validates-as-required form-control\" id=\"lastname\" aria-required=\"true\" aria-invalid=\"false\" placeholder=\"* Nom\" value=\"\" type=\"text\" name=\"lastname\" \/><\/span>\n\t<\/p>\n<\/div>\n<div class=\"form-group\">\n\t<p><label for=\"email\" class=\"sr-only\">Courriel<\/label><span class=\"wpcf7-form-control-wrap\" data-name=\"email\"><input size=\"40\" maxlength=\"400\" class=\"wpcf7-form-control wpcf7-email wpcf7-validates-as-required wpcf7-text wpcf7-validates-as-email form-control\" id=\"email\" aria-required=\"true\" aria-invalid=\"false\" placeholder=\"* Courriel\" value=\"\" type=\"email\" name=\"email\" \/><\/span>\n\t<\/p>\n<\/div>\n<div class=\"form-group\">\n\t<p><label for=\"postalcode\" class=\"sr-only\">Code Postal<\/label><span class=\"wpcf7-form-control-wrap\" data-name=\"postal-code\"><input size=\"40\" maxlength=\"7\" class=\"wpcf7-form-control wpcf7-text wpcf7-validates-as-required form-control margin-bottom\" id=\"postalcode\" aria-required=\"true\" aria-invalid=\"false\" placeholder=\"* Code postal\" value=\"\" type=\"text\" name=\"postal-code\" \/><\/span>\n\t<\/p>\n<\/div>\n<div class=\"form-group\">\n\t<p><label for=\"phone\" class=\"sr-only\">T\u00e9l\u00e9phone<\/label><span class=\"wpcf7-form-control-wrap\" data-name=\"phone\"><input size=\"40\" maxlength=\"400\" class=\"wpcf7-form-control wpcf7-tel wpcf7-text wpcf7-validates-as-tel form-control margin-bottom phone-input\" id=\"phone\" aria-invalid=\"false\" placeholder=\"T\u00e9l\u00e9phone: 123-456-7890\" value=\"\" type=\"tel\" name=\"phone\" \/><\/span>\n\t<\/p>\n<\/div>\n<div class=\"form-group\">\n\t<p><label for=\"province\" class=\"sr-only\">Province<\/label><span class=\"wpcf7-form-control-wrap\" data-name=\"province\"><select class=\"wpcf7-form-control wpcf7-select wpcf7-validates-as-required form-control\" id=\"province\" aria-required=\"true\" aria-invalid=\"false\" name=\"province\"><option value=\"Province...\">Province...<\/option><option value=\"Alberta\">Alberta<\/option><option value=\"Colombie-Britannique\">Colombie-Britannique<\/option><option value=\"\u00cele-du-Prince-\u00c9douard\">\u00cele-du-Prince-\u00c9douard<\/option><option value=\"Manitoba\">Manitoba<\/option><option value=\"Nouveau-Brunswick\">Nouveau-Brunswick<\/option><option value=\"Nouvelle-\u00c9cosse\">Nouvelle-\u00c9cosse<\/option><option value=\"Nunavut\">Nunavut<\/option><option value=\"Ontario\">Ontario<\/option><option value=\"Qu\u00e9bec\">Qu\u00e9bec<\/option><option value=\"Saskatchewan\">Saskatchewan<\/option><option value=\"Terre-Neuve-et-Labrador\">Terre-Neuve-et-Labrador<\/option><option value=\"Territoires du Nord-Ouest\">Territoires du Nord-Ouest<\/option><option value=\"Yukon\">Yukon<\/option><\/select><\/span>\n\t<\/p>\n<\/div>\n<div class=\"form-group\">\n\t<p><label for=\"city\" class=\"control-label\">* Dans quelle ville d\u00e9sirez-vous travailler :<\/label><br \/>\n<span class=\"wpcf7-form-control-wrap\" data-name=\"city\"><input size=\"40\" maxlength=\"400\" class=\"wpcf7-form-control wpcf7-text wpcf7-validates-as-required form-control\" id=\"city\" aria-required=\"true\" aria-invalid=\"false\" placeholder=\"Ville\" value=\"\" type=\"text\" name=\"city\" \/><\/span><br \/>\n<label for=\"resume\" class=\"control-label\">* Joindre votre curriculum vitae :<\/label><br \/>\n<span class=\"wpcf7-form-control-wrap\" data-name=\"resume\"><input size=\"40\" class=\"wpcf7-form-control wpcf7-file wpcf7-validates-as-required form-control\" id=\"resume\" accept=\".pdf,.txt,.doc,.docx,.jpg,.jpeg,.png\" aria-required=\"true\" aria-invalid=\"false\" type=\"file\" name=\"resume\" \/><\/span>\n\t<\/p>\n\t<p><small class=\"text-muted\">Formats accept\u00e9s : JPG, PNG, PDF, TXT, DOC, DOCX<br \/>\nTaille maximale : 4MB<\/small>\n\t<\/p>\n<\/div>\n<div class=\"form-group row\">\n\t<div class=\"col-xs-12\">\n\t\t<p><label for=\"legal\" class=\"control-label\">* \u00cates-vous l\u00e9galement autoris\u00e9 \u00e0 travailler au Canada?<\/label>\n\t\t<\/p>\n\t<\/div>\n\t<div class=\"col-xs-12 col-sm-4\">\n\t\t<p><span class=\"wpcf7-form-control-wrap\" data-name=\"legally-authorized\"><select class=\"wpcf7-form-control wpcf7-select wpcf7-validates-as-required form-control\" id=\"legal\" aria-required=\"true\" aria-invalid=\"false\" name=\"legally-authorized\"><option value=\"\">&#8212;Veuillez choisir une option&#8212;<\/option><option value=\"Oui\">Oui<\/option><option value=\"Non\">Non<\/option><\/select><\/span>\n\t\t<\/p>\n\t<\/div>\n<\/div>\n<div class=\"form-group row\">\n\t<div class=\"col-xs-12\">\n\t\t<p><label for=\"employed\" class=\"control-label\">* Avez-vous d\u00e9j\u00e0 \u00e9t\u00e9 \u00e0 l'emploi de Dollarama?<\/label>\n\t\t<\/p>\n\t<\/div>\n\t<div class=\"col-xs-12 col-sm-4\">\n\t\t<p><span class=\"wpcf7-form-control-wrap\" data-name=\"previously-employed\"><select class=\"wpcf7-form-control wpcf7-select wpcf7-validates-as-required form-control\" id=\"employed\" aria-required=\"true\" aria-invalid=\"false\" name=\"previously-employed\"><option value=\"\">&#8212;Veuillez choisir une option&#8212;<\/option><option value=\"Oui\">Oui<\/option><option value=\"Non\">Non<\/option><\/select><\/span>\n\t\t<\/p>\n\t<\/div>\n<\/div>\n<p><span id=\"wpcf7-69f5b8905d6d7-wrapper\" class=\"wpcf7-form-control-wrap honeypot-703-wrap\" ><label for=\"wpcf7-69f5b8905d6d7-field\" class=\"hp-message\">Please leave this field empty.<\/label><input id=\"wpcf7-69f5b8905d6d7-field\"  class=\"wpcf7-form-control wpcf7-text\" type=\"text\" name=\"honeypot-703\" value=\"\" size=\"40\" tabindex=\"-1\" autocomplete=\"off\" \/><\/span>\n<\/p>\n<div class=\"form-group no-bottom-margin\">\n\t<div class=\"col-xs-12 col-sm-8\">\n\t\n\t<\/div>\n\t<div class=\"col-xs-12 col-sm-4 top-margin\">\n\t\t<p><button type=\"submit\" class=\"btn btn-success btn-block\">Soumettre<\/button>\n\t\t<\/p>\n\t<\/div>\n<\/div>\n<p><input type=\"hidden\" name=\"position\" value=\"Superviseur de district\" \/>\n<\/p><div class=\"wpcf7-response-output\" aria-hidden=\"true\"><\/div>\n<\/form>\n<\/div>\n\n","protected":false},"excerpt":{"rendered":"","protected":false},"author":1,"featured_media":0,"parent":462,"menu_order":0,"comment_status":"closed","ping_status":"closed","template":"template-application_form.php","meta":{"footnotes":""},"class_list":["post-815","page","type-page","status-publish","hentry"],"yoast_head":"<!-- This site is optimized with the Yoast SEO plugin v26.1.1 - https:\/\/yoast.com\/wordpress\/plugins\/seo\/ -->\n<title>Superviseur de district - Dollarama<\/title>\n<meta name=\"description\" content=\"Soumettez votre candidature pour le poste de superviseur de district aupr\u00e8s de Dollarama.\" \/>\n<meta name=\"robots\" content=\"noindex, nofollow\" \/>\n<meta property=\"og:locale\" content=\"fr_CA\" \/>\n<meta property=\"og:type\" content=\"article\" \/>\n<meta property=\"og:title\" content=\"Superviseur de district - Dollarama\" \/>\n<meta property=\"og:description\" content=\"Soumettez votre candidature pour le poste de superviseur de district aupr\u00e8s de Dollarama.\" \/>\n<meta property=\"og:url\" content=\"https:\/\/corpodev.dollarama.com\/fr\/carrieres\/superviseur-de-district\" \/>\n<meta property=\"og:site_name\" content=\"Dollarama\" \/>\n<meta property=\"article:modified_time\" content=\"2025-10-31T17:42:50+00:00\" \/>\n<meta name=\"twitter:card\" content=\"summary_large_image\" \/>\n<meta name=\"twitter:label1\" content=\"Estimation du temps de lecture\" \/>\n\t<meta name=\"twitter:data1\" content=\"1 minute\" \/>\n<script type=\"application\/ld+json\" class=\"yoast-schema-graph\">{\"@context\":\"https:\/\/schema.org\",\"@graph\":[{\"@type\":\"WebPage\",\"@id\":\"https:\/\/corpodev.dollarama.com\/fr\/carrieres\/superviseur-de-district\",\"url\":\"https:\/\/corpodev.dollarama.com\/fr\/carrieres\/superviseur-de-district\",\"name\":\"Superviseur de district - Dollarama\",\"isPartOf\":{\"@id\":\"https:\/\/corpodev.dollarama.com\/#website\"},\"datePublished\":\"2016-07-19T01:45:27+00:00\",\"dateModified\":\"2025-10-31T17:42:50+00:00\",\"description\":\"Soumettez votre candidature pour le poste de superviseur de district aupr\u00e8s de Dollarama.\",\"breadcrumb\":{\"@id\":\"https:\/\/corpodev.dollarama.com\/fr\/carrieres\/superviseur-de-district#breadcrumb\"},\"inLanguage\":\"fr-CA\",\"potentialAction\":[{\"@type\":\"ReadAction\",\"target\":[\"https:\/\/corpodev.dollarama.com\/fr\/carrieres\/superviseur-de-district\"]}]},{\"@type\":\"BreadcrumbList\",\"@id\":\"https:\/\/corpodev.dollarama.com\/fr\/carrieres\/superviseur-de-district#breadcrumb\",\"itemListElement\":[{\"@type\":\"ListItem\",\"position\":1,\"name\":\"Home\",\"item\":\"https:\/\/corpodev.dollarama.com\/fr\"},{\"@type\":\"ListItem\",\"position\":2,\"name\":\"Carri\u00e8res\",\"item\":\"https:\/\/corpodev.dollarama.com\/fr\/carrieres\"},{\"@type\":\"ListItem\",\"position\":3,\"name\":\"Superviseur de district\"}]},{\"@type\":\"WebSite\",\"@id\":\"https:\/\/corpodev.dollarama.com\/#website\",\"url\":\"https:\/\/corpodev.dollarama.com\/\",\"name\":\"Dollarama\",\"description\":\"Site Corporatif Dollarama\",\"potentialAction\":[{\"@type\":\"SearchAction\",\"target\":{\"@type\":\"EntryPoint\",\"urlTemplate\":\"https:\/\/corpodev.dollarama.com\/?s={search_term_string}\"},\"query-input\":{\"@type\":\"PropertyValueSpecification\",\"valueRequired\":true,\"valueName\":\"search_term_string\"}}],\"inLanguage\":\"fr-CA\"}]}<\/script>\n<!-- \/ Yoast SEO plugin. -->","yoast_head_json":{"title":"Superviseur de district - Dollarama","description":"Soumettez votre candidature pour le poste de superviseur de district aupr\u00e8s de Dollarama.","robots":{"index":"noindex","follow":"nofollow"},"og_locale":"fr_CA","og_type":"article","og_title":"Superviseur de district - Dollarama","og_description":"Soumettez votre candidature pour le poste de superviseur de district aupr\u00e8s de Dollarama.","og_url":"https:\/\/corpodev.dollarama.com\/fr\/carrieres\/superviseur-de-district","og_site_name":"Dollarama","article_modified_time":"2025-10-31T17:42:50+00:00","twitter_card":"summary_large_image","twitter_misc":{"Estimation du temps de lecture":"1 minute"},"schema":{"@context":"https:\/\/schema.org","@graph":[{"@type":"WebPage","@id":"https:\/\/corpodev.dollarama.com\/fr\/carrieres\/superviseur-de-district","url":"https:\/\/corpodev.dollarama.com\/fr\/carrieres\/superviseur-de-district","name":"Superviseur de district - Dollarama","isPartOf":{"@id":"https:\/\/corpodev.dollarama.com\/#website"},"datePublished":"2016-07-19T01:45:27+00:00","dateModified":"2025-10-31T17:42:50+00:00","description":"Soumettez votre candidature pour le poste de superviseur de district aupr\u00e8s de Dollarama.","breadcrumb":{"@id":"https:\/\/corpodev.dollarama.com\/fr\/carrieres\/superviseur-de-district#breadcrumb"},"inLanguage":"fr-CA","potentialAction":[{"@type":"ReadAction","target":["https:\/\/corpodev.dollarama.com\/fr\/carrieres\/superviseur-de-district"]}]},{"@type":"BreadcrumbList","@id":"https:\/\/corpodev.dollarama.com\/fr\/carrieres\/superviseur-de-district#breadcrumb","itemListElement":[{"@type":"ListItem","position":1,"name":"Home","item":"https:\/\/corpodev.dollarama.com\/fr"},{"@type":"ListItem","position":2,"name":"Carri\u00e8res","item":"https:\/\/corpodev.dollarama.com\/fr\/carrieres"},{"@type":"ListItem","position":3,"name":"Superviseur de district"}]},{"@type":"WebSite","@id":"https:\/\/corpodev.dollarama.com\/#website","url":"https:\/\/corpodev.dollarama.com\/","name":"Dollarama","description":"Site Corporatif Dollarama","potentialAction":[{"@type":"SearchAction","target":{"@type":"EntryPoint","urlTemplate":"https:\/\/corpodev.dollarama.com\/?s={search_term_string}"},"query-input":{"@type":"PropertyValueSpecification","valueRequired":true,"valueName":"search_term_string"}}],"inLanguage":"fr-CA"}]}},"_links":{"self":[{"href":"https:\/\/corpodev.dollarama.com\/fr\/wp-json\/wp\/v2\/pages\/815","targetHints":{"allow":["GET"]}}],"collection":[{"href":"https:\/\/corpodev.dollarama.com\/fr\/wp-json\/wp\/v2\/pages"}],"about":[{"href":"https:\/\/corpodev.dollarama.com\/fr\/wp-json\/wp\/v2\/types\/page"}],"author":[{"embeddable":true,"href":"https:\/\/corpodev.dollarama.com\/fr\/wp-json\/wp\/v2\/users\/1"}],"replies":[{"embeddable":true,"href":"https:\/\/corpodev.dollarama.com\/fr\/wp-json\/wp\/v2\/comments?post=815"}],"version-history":[{"count":3,"href":"https:\/\/corpodev.dollarama.com\/fr\/wp-json\/wp\/v2\/pages\/815\/revisions"}],"predecessor-version":[{"id":1015,"href":"https:\/\/corpodev.dollarama.com\/fr\/wp-json\/wp\/v2\/pages\/815\/revisions\/1015"}],"up":[{"embeddable":true,"href":"https:\/\/corpodev.dollarama.com\/fr\/wp-json\/wp\/v2\/pages\/462"}],"wp:attachment":[{"href":"https:\/\/corpodev.dollarama.com\/fr\/wp-json\/wp\/v2\/media?parent=815"}],"curies":[{"name":"wp","href":"https:\/\/api.w.org\/{rel}","templated":true}]}}